{"id":48,"date":"2024-01-22T06:56:43","date_gmt":"2024-01-22T06:56:43","guid":{"rendered":"https:\/\/www.kenonairaw.fi\/index.php\/palvelut\/"},"modified":"2026-04-08T12:18:58","modified_gmt":"2026-04-08T12:18:58","slug":"ravintoneuvonta","status":"publish","type":"page","link":"https:\/\/www.kenonairaw.fi\/sv\/ravintoneuvonta\/","title":{"rendered":"Kostr\u00e5dgivning"},"content":{"rendered":"","protected":false},"excerpt":{"rendered":"","protected":false},"author":1,"featured_media":0,"parent":0,"menu_order":0,"comment_status":"closed","ping_status":"closed","template":"full-width","meta":{"saved_in_kubio":true,"footnotes":""},"class_list":["post-48","page","type-page","status-publish","hentry"],"kubio_ai_page_context":{"short_desc":"","purpose":"general"},"yoast_head":"<!-- This site is optimized with the Yoast SEO plugin v27.4 - https:\/\/yoast.com\/product\/yoast-seo-wordpress\/ -->\n<title>Ravintoneuvonta - Kenonai Raw<\/title>\n<meta name=\"description\" content=\"Tule k\u00e4ym\u00e4\u00e4n Kenonai Raw Ravintoneuvonta-sivulla ja varaa sopiva aika kissasi ruokavalion muutosta varten. Helppo varauskalenteri kolmella kielell\u00e4!\" \/>\n<meta name=\"robots\" content=\"index, follow, max-snippet:-1, max-image-preview:large, max-video-preview:-1\" \/>\n<link rel=\"canonical\" href=\"https:\/\/www.kenonairaw.fi\/sv\/ravintoneuvonta\/\" \/>\n<meta property=\"og:locale\" content=\"sv_SE\" \/>\n<meta property=\"og:type\" content=\"article\" \/>\n<meta property=\"og:title\" content=\"Ravintoneuvonta - Kenonai Raw\" \/>\n<meta property=\"og:description\" content=\"Tule k\u00e4ym\u00e4\u00e4n Kenonai Raw Ravintoneuvonta-sivulla ja varaa sopiva aika kissasi ruokavalion muutosta varten. Helppo varauskalenteri kolmella kielell\u00e4!\" \/>\n<meta property=\"og:url\" content=\"https:\/\/www.kenonairaw.fi\/sv\/ravintoneuvonta\/\" \/>\n<meta property=\"og:site_name\" content=\"Kenonai Raw\" \/>\n<meta property=\"article:publisher\" content=\"https:\/\/www.facebook.com\/kenonairaw24\" \/>\n<meta property=\"article:modified_time\" content=\"2026-04-08T12:18:58+00:00\" \/>\n<meta property=\"og:image\" content=\"https:\/\/www.kenonairaw.fi\/wp-content\/uploads\/2025\/07\/6932d293-2ca9-461e-8644-e990cc5fdb07.png\" \/>\n\t<meta property=\"og:image:width\" content=\"1024\" \/>\n\t<meta property=\"og:image:height\" content=\"1024\" \/>\n\t<meta property=\"og:image:type\" content=\"image\/png\" \/>\n<meta name=\"twitter:card\" content=\"summary_large_image\" \/>\n<script type=\"application\/ld+json\" class=\"yoast-schema-graph\">{\"@context\":\"https:\\\/\\\/schema.org\",\"@graph\":[{\"@type\":\"WebPage\",\"@id\":\"https:\\\/\\\/www.kenonairaw.fi\\\/ravintoneuvonta\\\/\",\"url\":\"https:\\\/\\\/www.kenonairaw.fi\\\/ravintoneuvonta\\\/\",\"name\":\"Ravintoneuvonta - Kenonai Raw\",\"isPartOf\":{\"@id\":\"https:\\\/\\\/www.kenonairaw.fi\\\/#website\"},\"datePublished\":\"2024-01-22T06:56:43+00:00\",\"dateModified\":\"2026-04-08T12:18:58+00:00\",\"description\":\"Tule k\u00e4ym\u00e4\u00e4n Kenonai Raw Ravintoneuvonta-sivulla ja varaa sopiva aika kissasi ruokavalion muutosta varten. Helppo varauskalenteri kolmella kielell\u00e4!\",\"breadcrumb\":{\"@id\":\"https:\\\/\\\/www.kenonairaw.fi\\\/ravintoneuvonta\\\/#breadcrumb\"},\"inLanguage\":\"sv-SE\",\"potentialAction\":[{\"@type\":\"ReadAction\",\"target\":[\"https:\\\/\\\/www.kenonairaw.fi\\\/ravintoneuvonta\\\/\"]}]},{\"@type\":\"BreadcrumbList\",\"@id\":\"https:\\\/\\\/www.kenonairaw.fi\\\/ravintoneuvonta\\\/#breadcrumb\",\"itemListElement\":[{\"@type\":\"ListItem\",\"position\":1,\"name\":\"Home\",\"item\":\"https:\\\/\\\/www.kenonairaw.fi\\\/\"},{\"@type\":\"ListItem\",\"position\":2,\"name\":\"Ravintoneuvonta\"}]},{\"@type\":\"WebSite\",\"@id\":\"https:\\\/\\\/www.kenonairaw.fi\\\/#website\",\"url\":\"https:\\\/\\\/www.kenonairaw.fi\\\/\",\"name\":\"Kenonai Raw\",\"description\":\"Feed the raw cat inside\",\"publisher\":{\"@id\":\"https:\\\/\\\/www.kenonairaw.fi\\\/#\\\/schema\\\/person\\\/76b9975fa684924694692494ffb4194f\"},\"potentialAction\":[{\"@type\":\"SearchAction\",\"target\":{\"@type\":\"EntryPoint\",\"urlTemplate\":\"https:\\\/\\\/www.kenonairaw.fi\\\/?s={search_term_string}\"},\"query-input\":{\"@type\":\"PropertyValueSpecification\",\"valueRequired\":true,\"valueName\":\"search_term_string\"}}],\"inLanguage\":\"sv-SE\"},{\"@type\":[\"Person\",\"Organization\"],\"@id\":\"https:\\\/\\\/www.kenonairaw.fi\\\/#\\\/schema\\\/person\\\/76b9975fa684924694692494ffb4194f\",\"name\":\"Iida\",\"image\":{\"@type\":\"ImageObject\",\"inLanguage\":\"sv-SE\",\"@id\":\"https:\\\/\\\/www.kenonairaw.fi\\\/wp-content\\\/uploads\\\/2025\\\/07\\\/4000-pixlar-transparent-Kenonai-logo-1024x1024.png\",\"url\":\"https:\\\/\\\/www.kenonairaw.fi\\\/wp-content\\\/uploads\\\/2025\\\/07\\\/4000-pixlar-transparent-Kenonai-logo-1024x1024.png\",\"contentUrl\":\"https:\\\/\\\/www.kenonairaw.fi\\\/wp-content\\\/uploads\\\/2025\\\/07\\\/4000-pixlar-transparent-Kenonai-logo-1024x1024.png\",\"width\":1024,\"height\":1024,\"caption\":\"Iida\"},\"logo\":{\"@id\":\"https:\\\/\\\/www.kenonairaw.fi\\\/wp-content\\\/uploads\\\/2025\\\/07\\\/4000-pixlar-transparent-Kenonai-logo-1024x1024.png\"},\"sameAs\":[\"https:\\\/\\\/www.kenonairaw.fi\",\"https:\\\/\\\/www.facebook.com\\\/kenonairaw24\",\"https:\\\/\\\/www.instagram.com\\\/kenonairaw\"]}]}<\/script>\n<!-- \/ Yoast SEO plugin. -->","yoast_head_json":{"title":"Ravintoneuvonta - Kenonai Raw","description":"Tule k\u00e4ym\u00e4\u00e4n Kenonai Raw Ravintoneuvonta-sivulla ja varaa sopiva aika kissasi ruokavalion muutosta varten. Helppo varauskalenteri kolmella kielell\u00e4!","robots":{"index":"index","follow":"follow","max-snippet":"max-snippet:-1","max-image-preview":"max-image-preview:large","max-video-preview":"max-video-preview:-1"},"canonical":"https:\/\/www.kenonairaw.fi\/sv\/ravintoneuvonta\/","og_locale":"sv_SE","og_type":"article","og_title":"Ravintoneuvonta - Kenonai Raw","og_description":"Tule k\u00e4ym\u00e4\u00e4n Kenonai Raw Ravintoneuvonta-sivulla ja varaa sopiva aika kissasi ruokavalion muutosta varten. Helppo varauskalenteri kolmella kielell\u00e4!","og_url":"https:\/\/www.kenonairaw.fi\/sv\/ravintoneuvonta\/","og_site_name":"Kenonai Raw","article_publisher":"https:\/\/www.facebook.com\/kenonairaw24","article_modified_time":"2026-04-08T12:18:58+00:00","og_image":[{"url":"https:\/\/www.kenonairaw.fi\/wp-content\/uploads\/2025\/07\/6932d293-2ca9-461e-8644-e990cc5fdb07.png","width":1024,"height":1024,"type":"image\/png"}],"twitter_card":"summary_large_image","schema":{"@context":"https:\/\/schema.org","@graph":[{"@type":"WebPage","@id":"https:\/\/www.kenonairaw.fi\/ravintoneuvonta\/","url":"https:\/\/www.kenonairaw.fi\/ravintoneuvonta\/","name":"Ravintoneuvonta - Kenonai Raw","isPartOf":{"@id":"https:\/\/www.kenonairaw.fi\/#website"},"datePublished":"2024-01-22T06:56:43+00:00","dateModified":"2026-04-08T12:18:58+00:00","description":"Tule k\u00e4ym\u00e4\u00e4n Kenonai Raw Ravintoneuvonta-sivulla ja varaa sopiva aika kissasi ruokavalion muutosta varten. Helppo varauskalenteri kolmella kielell\u00e4!","breadcrumb":{"@id":"https:\/\/www.kenonairaw.fi\/ravintoneuvonta\/#breadcrumb"},"inLanguage":"sv-SE","potentialAction":[{"@type":"ReadAction","target":["https:\/\/www.kenonairaw.fi\/ravintoneuvonta\/"]}]},{"@type":"BreadcrumbList","@id":"https:\/\/www.kenonairaw.fi\/ravintoneuvonta\/#breadcrumb","itemListElement":[{"@type":"ListItem","position":1,"name":"Home","item":"https:\/\/www.kenonairaw.fi\/"},{"@type":"ListItem","position":2,"name":"Ravintoneuvonta"}]},{"@type":"WebSite","@id":"https:\/\/www.kenonairaw.fi\/#website","url":"https:\/\/www.kenonairaw.fi\/","name":"Kenonai Raw","description":"Feed the raw cat inside","publisher":{"@id":"https:\/\/www.kenonairaw.fi\/#\/schema\/person\/76b9975fa684924694692494ffb4194f"},"potentialAction":[{"@type":"SearchAction","target":{"@type":"EntryPoint","urlTemplate":"https:\/\/www.kenonairaw.fi\/?s={search_term_string}"},"query-input":{"@type":"PropertyValueSpecification","valueRequired":true,"valueName":"search_term_string"}}],"inLanguage":"sv-SE"},{"@type":["Person","Organization"],"@id":"https:\/\/www.kenonairaw.fi\/#\/schema\/person\/76b9975fa684924694692494ffb4194f","name":"Iida","image":{"@type":"ImageObject","inLanguage":"sv-SE","@id":"https:\/\/www.kenonairaw.fi\/wp-content\/uploads\/2025\/07\/4000-pixlar-transparent-Kenonai-logo-1024x1024.png","url":"https:\/\/www.kenonairaw.fi\/wp-content\/uploads\/2025\/07\/4000-pixlar-transparent-Kenonai-logo-1024x1024.png","contentUrl":"https:\/\/www.kenonairaw.fi\/wp-content\/uploads\/2025\/07\/4000-pixlar-transparent-Kenonai-logo-1024x1024.png","width":1024,"height":1024,"caption":"Iida"},"logo":{"@id":"https:\/\/www.kenonairaw.fi\/wp-content\/uploads\/2025\/07\/4000-pixlar-transparent-Kenonai-logo-1024x1024.png"},"sameAs":["https:\/\/www.kenonairaw.fi","https:\/\/www.facebook.com\/kenonairaw24","https:\/\/www.instagram.com\/kenonairaw"]}]}},"_links":{"self":[{"href":"https:\/\/www.kenonairaw.fi\/sv\/wp-json\/wp\/v2\/pages\/48","targetHints":{"allow":["GET"]}}],"collection":[{"href":"https:\/\/www.kenonairaw.fi\/sv\/wp-json\/wp\/v2\/pages"}],"about":[{"href":"https:\/\/www.kenonairaw.fi\/sv\/wp-json\/wp\/v2\/types\/page"}],"author":[{"embeddable":true,"href":"https:\/\/www.kenonairaw.fi\/sv\/wp-json\/wp\/v2\/users\/1"}],"replies":[{"embeddable":true,"href":"https:\/\/www.kenonairaw.fi\/sv\/wp-json\/wp\/v2\/comments?post=48"}],"version-history":[{"count":119,"href":"https:\/\/www.kenonairaw.fi\/sv\/wp-json\/wp\/v2\/pages\/48\/revisions"}],"predecessor-version":[{"id":655,"href":"https:\/\/www.kenonairaw.fi\/sv\/wp-json\/wp\/v2\/pages\/48\/revisions\/655"}],"wp:attachment":[{"href":"https:\/\/www.kenonairaw.fi\/sv\/wp-json\/wp\/v2\/media?parent=48"}],"curies":[{"name":"wp","href":"https:\/\/api.w.org\/{rel}","templated":true}]}}